{"id":74,"date":"2015-03-29T16:23:46","date_gmt":"2015-03-29T16:23:46","guid":{"rendered":"http:\/\/cresmar.es\/?page_id=74"},"modified":"2015-04-22T20:00:02","modified_gmt":"2015-04-22T20:00:02","slug":"toallas","status":"publish","type":"page","link":"http:\/\/cresmar.es\/?page_id=74","title":{"rendered":"cortinas"},"content":{"rendered":"<section class=\"wpb-content-wrapper\">[vc_row fullwidth=\u00bbtrue\u00bb attached=\u00bbfalse\u00bb padding=\u00bb0&#8243;][vc_column width=\u00bb1\/1&#8243;][mk_page_title_box section_height=\u00bb518&#8243; bg_type=\u00bbimage\u00bb bg_image=\u00bbhttp:\/\/cresmar.es\/wp-content\/uploads\/2015\/03\/PP2014_ORANGERIE1.jpg\u00bb bg_position=\u00bbright bottom\u00bb bg_stretch=\u00bbtrue\u00bb bg_effects=\u00bbparallax\u00bb attachment=\u00bbscroll\u00bb text_align=\u00bbleft\u00bb font_size=\u00bb40&#8243; title_letter_spacing=\u00bb10&#8243; font_color=\u00bb#000000&#8243; font_weight=\u00bbnormal\u00bb underline=\u00bbfalse\u00bb padding=\u00bb20&#8243; sub_font_size=\u00bb45&#8243; sub_font_weight=\u00bbnormal\u00bb page_title=\u00bbCORTINAS\u00bb sub_font_color=\u00bb#000000&#8243;][\/vc_column][\/vc_row][mk_page_section layout_structure=\u00bbfull\u00bb attachment=\u00bbscroll\u00bb bg_position=\u00bbleft top\u00bb bg_repeat=\u00bbrepeat\u00bb bg_stretch=\u00bbfalse\u00bb enable_3d=\u00bbfalse\u00bb speed_factor=\u00bb4&#8243; bg_video=\u00bbno\u00bb video_mask=\u00bbfalse\u00bb video_opacity=\u00bb0.6&#8243; top_shadow=\u00bbfalse\u00bb section_layout=\u00bbfull\u00bb sidebar=\u00bbsidebar-1&#8243; min_height=\u00bb0&#8243; full_height=\u00bbfalse\u00bb intro_effect=\u00bbfalse\u00bb padding_top=\u00bb60&#8243; padding_bottom=\u00bb40&#8243; first_page=\u00bbfalse\u00bb last_page=\u00bbfalse\u00bb bg_color=\u00bb#3d4045&#8243; margin_bottom=\u00bb0&#8243;][vc_column width=\u00bb2\/3&#8243;][mk_fancy_title tag_name=\u00bbh2&#8243; style=\u00bbfalse\u00bb color=\u00bb#ffffff\u00bb size=\u00bb25&#8243; font_weight=\u00bbbold\u00bb txt_transform=\u00bbuppercase\u00bb letter_spacing=\u00bb2&#8243; margin_top=\u00bb0&#8243; align=\u00bbleft\u00bb margin_bottom=\u00bb10&#8243; font_style=\u00bbinhert\u00bb font_family=\u00bbnone\u00bb]Nuestro valor es nuestra experiencia[\/mk_fancy_title][vc_column_text disable_pattern=\u00bbfalse\u00bb align=\u00bbleft\u00bb css=\u00bb.vc_custom_1408130288411{margin-bottom: 0px !important;}\u00bb margin_bottom=\u00bb0&#8243;]\n<p style=\"color: #bbbbbb;\">Ven a conocermos, te ayudaremos a encontrar lo que mejor le va a tu hogar.<\/p>\n[\/vc_column_text][\/vc_column][vc_column width=\u00bb1\/3&#8243;][mk_button dimension=\u00bbflat\u00bb corner_style=\u00bbpointed\u00bb size=\u00bblarge\u00bb outline_skin=\u00bbdark\u00bb outline_active_color=\u00bb#ffffff\u00bb outline_hover_color=\u00bb#333333&#8243; bg_color=\u00bb#f97352&#8243; text_color=\u00bblight\u00bb icon_anim=\u00bbside\u00bb target=\u00bb_self\u00bb align=\u00bbleft\u00bb fullwidth=\u00bbfalse\u00bb margin_top=\u00bb0&#8243; margin_bottom=\u00bb15&#8243; icon=\u00bbmk-icon-long-arrow-right\u00bb btn_hover_bg=\u00bb#252525&#8243; url=\u00bbhttp:\/\/cresmar.es\/?page_id=13&#8243; button_custom_width=\u00bb0&#8243;]\u00bfdonde estamos?[\/mk_button][\/vc_column][\/mk_page_section][mk_page_section layout_structure=\u00bbfull\u00bb attachment=\u00bbscroll\u00bb bg_position=\u00bbleft top\u00bb bg_repeat=\u00bbrepeat\u00bb bg_stretch=\u00bbfalse\u00bb enable_3d=\u00bbfalse\u00bb speed_factor=\u00bb0.3&#8243; bg_video=\u00bbno\u00bb video_mask=\u00bbfalse\u00bb video_opacity=\u00bb0.6&#8243; top_shadow=\u00bbfalse\u00bb section_layout=\u00bbfull\u00bb sidebar=\u00bbsidebar-1&#8243; min_height=\u00bb100&#8243; full_height=\u00bbfalse\u00bb intro_effect=\u00bbfalse\u00bb padding_top=\u00bb80&#8243; padding_bottom=\u00bb80&#8243; margin_bottom=\u00bb0&#8243; first_page=\u00bbfalse\u00bb last_page=\u00bbfalse\u00bb][vc_column width=\u00bb1\/4&#8243;][mk_flipbox flip_direction=\u00bbhorizontal\u00bb min_height=\u00bb300&#8243; icon_type=\u00bbicon\u00bb icon=\u00bbmk-li-user\u00bb icon_size=\u00bb32&#8243; front_title=\u00bbASESORAMIENTO \u00bb front_title_size=\u00bb18&#8243; back_title=\u00bbASESORAMIENTO \u00bb back_title_size=\u00bb14&#8243; font_weight=\u00bbbold\u00bb front_desc_size=\u00bb20&#8243; back_desc=\u00bbLe atendemos, escuchamos lo que quiere y le ayudaremos a seleccionar la mejor opci\u00f3n para conseguir el mejor resultado.\u00bb back_desc_size=\u00bb15&#8243; button_text_skin=\u00bblight\u00bb front_background_color=\u00bb#3d4045&#8243; back_background_color=\u00bb#f97352&#8243; icon_color=\u00bb#f97352&#8243; back_title_color=\u00bb#000000&#8243; front_desc_color=\u00bb#1e73be\u00bb back_desc_color=\u00bb#000000&#8243; front_title_color=\u00bb#ffffff\u00bb][\/vc_column][vc_column width=\u00bb1\/4&#8243;][mk_flipbox flip_direction=\u00bbhorizontal\u00bb min_height=\u00bb300&#8243; icon_type=\u00bbicon\u00bb icon=\u00bbmk-li-scissor\u00bb icon_size=\u00bb32&#8243; front_title=\u00bbELABORACION\u00bb front_title_size=\u00bb18&#8243; back_title=\u00bbELABORACION \u00bb back_title_size=\u00bb14&#8243; font_weight=\u00bbbold\u00bb front_desc_size=\u00bb20&#8243; back_desc=\u00bbNuestros profesionales realizan un trabajo de confecci\u00f3n y elaboraci\u00f3n, +30 a\u00f1os dedicados a la costura.\u00bb back_desc_size=\u00bb15&#8243; button_text_skin=\u00bblight\u00bb front_background_color=\u00bb#3d4045&#8243; back_background_color=\u00bb#f97352&#8243; icon_color=\u00bb#f97352&#8243; back_title_color=\u00bb#000000&#8243; front_desc_color=\u00bb#1e73be\u00bb back_desc_color=\u00bb#000000&#8243; front_title_color=\u00bb#ffffff\u00bb][\/vc_column][vc_column width=\u00bb1\/4&#8243;][mk_flipbox flip_direction=\u00bbhorizontal\u00bb min_height=\u00bb300&#8243; icon_type=\u00bbicon\u00bb icon=\u00bbmk-li-tool\u00bb icon_size=\u00bb32&#8243; front_title=\u00bbINSTALACION\u00bb front_title_size=\u00bb18&#8243; back_title=\u00bbINSTALACION \u00bb back_title_size=\u00bb14&#8243; font_weight=\u00bbbold\u00bb front_desc_size=\u00bb20&#8243; back_desc=\u00bbUn profesional ira a su casa e instalara, montar\u00e1 todas las cortinas, para que todo queda perfecto.\u00bb back_desc_size=\u00bb15&#8243; button_text_skin=\u00bblight\u00bb front_background_color=\u00bb#3d4045&#8243; back_background_color=\u00bb#f97352&#8243; icon_color=\u00bb#f97352&#8243; back_title_color=\u00bb#000000&#8243; front_desc_color=\u00bb#1e73be\u00bb back_desc_color=\u00bb#000000&#8243; front_title_color=\u00bb#ffffff\u00bb][\/vc_column][vc_column width=\u00bb1\/4&#8243;][mk_flipbox flip_direction=\u00bbhorizontal\u00bb min_height=\u00bb300&#8243; icon_type=\u00bbicon\u00bb icon=\u00bbmk-li-like\u00bb icon_size=\u00bb32&#8243; front_title=\u00bbRESULTADO FINAL \u00bb front_title_size=\u00bb18&#8243; back_title=\u00bbRESULTADO FINAL \u00bb back_title_size=\u00bb14&#8243; font_weight=\u00bbbold\u00bb front_desc_size=\u00bb20&#8243; back_desc=\u00bbLo mejor. El resultado final. Disfrutar de como queda todo y la satisfacci\u00f3n del trabajo bien hecho. Nuestro objetivo. La calidad.\u00bb back_desc_size=\u00bb15&#8243; button_text_skin=\u00bblight\u00bb front_background_color=\u00bb#3d4045&#8243; back_background_color=\u00bb#f97352&#8243; icon_color=\u00bb#f97352&#8243; back_title_color=\u00bb#000000&#8243; front_desc_color=\u00bb#1e73be\u00bb back_desc_color=\u00bb#000000&#8243; front_title_color=\u00bb#ffffff\u00bb][\/vc_column][\/mk_page_section][mk_page_section layout_structure=\u00bbfull\u00bb bg_color=\u00bb#c4cacc\u00bb attachment=\u00bbscroll\u00bb bg_position=\u00bbleft top\u00bb bg_repeat=\u00bbrepeat\u00bb bg_stretch=\u00bbfalse\u00bb enable_3d=\u00bbfalse\u00bb speed_factor=\u00bb0.3&#8243; bg_video=\u00bbno\u00bb video_mask=\u00bbfalse\u00bb video_opacity=\u00bb0.6&#8243; top_shadow=\u00bbfalse\u00bb section_layout=\u00bbfull\u00bb sidebar=\u00bbsidebar-1&#8243; min_height=\u00bb100&#8243; full_height=\u00bbfalse\u00bb intro_effect=\u00bbfalse\u00bb padding_top=\u00bb90&#8243; padding_bottom=\u00bb80&#8243; margin_bottom=\u00bb0&#8243; first_page=\u00bbfalse\u00bb last_page=\u00bbfalse\u00bb video_source=\u00bbself\u00bb stream_host_website=\u00bbyoutube\u00bb bg_gradient=\u00bbfalse\u00bb gr_end=\u00bb#1e73be\u00bb full_width=\u00bbfalse\u00bb skip_arrow=\u00bbfalse\u00bb skip_arrow_skin=\u00bblight\u00bb section_id=\u00bbmontajes\u00bb][vc_column width=\u00bb1\/1&#8243;][vc_row_inner attached=\u00bbtrue\u00bb padding=\u00bb2&#8243;][vc_column_inner width=\u00bb1\/2&#8243;][mk_image src=\u00bbhttp:\/\/cresmar.es\/wp-content\/uploads\/2015\/03\/cortinasJover01.jpg\u00bb image_width=\u00bb1777&#8243; image_height=\u00bb350&#8243; crop=\u00bbfalse\u00bb svg=\u00bbfalse\u00bb lightbox=\u00bbfalse\u00bb group=\u00bb_general\u00bb frame_style=\u00bbsimple\u00bb target=\u00bb_self\u00bb caption_location=\u00bbinside-image\u00bb align=\u00bbcenter\u00bb margin_bottom=\u00bb10&#8243; animation=\u00bbleft-to-right\u00bb][\/vc_column_inner][vc_column_inner width=\u00bb1\/2&#8243;][mk_fancy_title tag_name=\u00bbh2&#8243; style=\u00bbfalse\u00bb color=\u00bb#333333&#8243; size=\u00bb20&#8243; font_weight=\u00bbbold\u00bb txt_transform=\u00bbuppercase\u00bb letter_spacing=\u00bb1&#8243; margin_top=\u00bb0&#8243; margin_bottom=\u00bb0&#8243; align=\u00bbleft\u00bb font_style=\u00bbinhert\u00bb font_family=\u00bbnone\u00bb]Montajes de cortinas[\/mk_fancy_title][mk_divider style=\u00bbthin_solid\u00bb divider_width=\u00bbcustom_width\u00bb custom_width=\u00bb35&#8243; align=\u00bbleft\u00bb border_color=\u00bb#333333&#8243; thickness=\u00bb3&#8243; margin_top=\u00bb20&#8243; margin_bottom=\u00bb30&#8243;][vc_column_text disable_pattern=\u00bbfalse\u00bb align=\u00bbleft\u00bb margin_bottom=\u00bb60&#8243;]\n<p style=\"color: #666666;\">A lo largo de + de 30 a\u00f1os trabajando en el mundo de la decoraci\u00f3n, hemos aprendido que lo m\u00e1s importante a la hora de vestir nuestra casa es contar con el asesoramiento de la gente que conoce las tendencias, las opciones, que sabe combinar estilos, colores en funci\u00f3n \u00a0a los gustos de nuestros clientes, a los espacios, a las tendencias.<\/p>\n[\/vc_column_text][mk_padding_divider size=\u00bb40&#8243;][mk_image src=\u00bbhttp:\/\/cresmar.es\/wp-content\/uploads\/2015\/03\/logoPrincipalOscuro.png\u00bb image_width=\u00bb550&#8243; image_height=\u00bb150&#8243; crop=\u00bbtrue\u00bb svg=\u00bbfalse\u00bb lightbox=\u00bbfalse\u00bb frame_style=\u00bbsimple\u00bb target=\u00bb_self\u00bb caption_location=\u00bbinside-image\u00bb align=\u00bbleft\u00bb margin_bottom=\u00bb10&#8243;][\/vc_column_inner][\/vc_row_inner][\/vc_column][\/mk_page_section][vc_row fullwidth=\u00bbtrue\u00bb attached=\u00bbfalse\u00bb padding=\u00bb0&#8243;][vc_column width=\u00bb1\/1&#8243;][mk_clients style=\u00bbcarousel\u00bb border_style=\u00bbboxed\u00bb column=\u00bb3&#8243; gutter_space=\u00bb0&#8243; count=\u00bb11&#8243; clients=\u00bb200,182,178,188,203,185,206,209,194,191,197&#8243; order=\u00bbASC\u00bb orderby=\u00bbdate\u00bb cover=\u00bbfalse\u00bb height=\u00bb110&#8243; autoplay=\u00bbtrue\u00bb target=\u00bb_blank\u00bb margin_bottom=\u00bb20&#8243;][mk_gallery images=\u00bb407,410,411,412,413,415,416,417,418,408,419,420,421,422,423,424&#8243; style=\u00bbgrid\u00bb column=\u00bb8&#8243; image_size=\u00bbcrop\u00bb height=\u00bb200&#8243; hover_scenarios=\u00bbfadebox\u00bb item_spacing=\u00bb1&#8243; margin_bottom=\u00bb1&#8243; frame_style=\u00bbgray_border\u00bb disable_title=\u00bbfalse\u00bb image_quality=\u00bb1&#8243; pagination=\u00bbfalse\u00bb count=\u00bb10&#8243; pagination_style=\u00bb1&#8243; order=\u00bbASC\u00bb orderby=\u00bbdate\u00bb item_id=\u00bb1429478216-55341b4849ed6&#8243;][\/vc_column][\/vc_row][vc_row][vc_column][vc_column_text]\n[\/vc_column_text][\/vc_column][\/vc_row]\n<\/section>","protected":false},"excerpt":{"rendered":"<p>[vc_row fullwidth=\u00bbtrue\u00bb attached=\u00bbfalse\u00bb padding=\u00bb0&#8243;][vc_column width=\u00bb1\/1&#8243;][mk_page_title_box section_height=\u00bb518&#8243; bg_type=\u00bbimage\u00bb bg_image=\u00bbhttp:\/\/cresmar.es\/wp-content\/uploads\/2015\/03\/PP2014_ORANGERIE1.jpg\u00bb bg_position=\u00bbright bottom\u00bb bg_stretch=\u00bbtrue\u00bb bg_effects=\u00bbparallax\u00bb attachment=\u00bbscroll\u00bb text_align=\u00bbleft\u00bb font_size=\u00bb40&#8243; title_letter_spacing=\u00bb10&#8243; font_color=\u00bb#000000&#8243; font_weight=\u00bbnormal\u00bb underline=\u00bbfalse\u00bb padding=\u00bb20&#8243; sub_font_size=\u00bb45&#8243; sub_font_weight=\u00bbnormal\u00bb page_title=\u00bbCORTINAS\u00bb sub_font_color=\u00bb#000000&#8243;][\/vc_column][\/vc_row][mk_page_section layout_structure=\u00bbfull\u00bb attachment=\u00bbscroll\u00bb bg_position=\u00bbleft top\u00bb bg_repeat=\u00bbrepeat\u00bb bg_stretch=\u00bbfalse\u00bb enable_3d=\u00bbfalse\u00bb speed_factor=\u00bb4&#8243; bg_video=\u00bbno\u00bb video_mask=\u00bbfalse\u00bb video_opacity=\u00bb0.6&#8243; top_shadow=\u00bbfalse\u00bb section_layout=\u00bbfull\u00bb sidebar=\u00bbsidebar-1&#8243; min_height=\u00bb0&#8243; full_height=\u00bbfalse\u00bb intro_effect=\u00bbfalse\u00bb padding_top=\u00bb60&#8243; padding_bottom=\u00bb40&#8243; first_page=\u00bbfalse\u00bb last_page=\u00bbfalse\u00bb bg_color=\u00bb#3d4045&#8243; margin_bottom=\u00bb0&#8243;][vc_column width=\u00bb2\/3&#8243;][mk_fancy_title tag_name=\u00bbh2&#8243; style=\u00bbfalse\u00bb color=\u00bb#ffffff\u00bb size=\u00bb25&#8243; font_weight=\u00bbbold\u00bb txt_transform=\u00bbuppercase\u00bb letter_spacing=\u00bb2&#8243; [&hellip;]<\/p>\n","protected":false},"author":1,"featured_media":0,"parent":0,"menu_order":0,"comment_status":"open","ping_status":"open","template":"","meta":{"footnotes":""},"class_list":["post-74","page","type-page","status-publish","hentry"],"_links":{"self":[{"href":"http:\/\/cresmar.es\/index.php?rest_route=\/wp\/v2\/pages\/74"}],"collection":[{"href":"http:\/\/cresmar.es\/index.php?rest_route=\/wp\/v2\/pages"}],"about":[{"href":"http:\/\/cresmar.es\/index.php?rest_route=\/wp\/v2\/types\/page"}],"author":[{"embeddable":true,"href":"http:\/\/cresmar.es\/index.php?rest_route=\/wp\/v2\/users\/1"}],"replies":[{"embeddable":true,"href":"http:\/\/cresmar.es\/index.php?rest_route=%2Fwp%2Fv2%2Fcomments&post=74"}],"version-history":[{"count":16,"href":"http:\/\/cresmar.es\/index.php?rest_route=\/wp\/v2\/pages\/74\/revisions"}],"predecessor-version":[{"id":553,"href":"http:\/\/cresmar.es\/index.php?rest_route=\/wp\/v2\/pages\/74\/revisions\/553"}],"wp:attachment":[{"href":"http:\/\/cresmar.es\/index.php?rest_route=%2Fwp%2Fv2%2Fmedia&parent=74"}],"curies":[{"name":"wp","href":"https:\/\/api.w.org\/{rel}","templated":true}]}}